{"id":5128,"date":"2020-05-06T15:28:04","date_gmt":"2020-05-06T13:28:04","guid":{"rendered":"https:\/\/dekpol.pl\/stal\/?page_id=5128"},"modified":"2022-05-10T14:52:22","modified_gmt":"2022-05-10T12:52:22","slug":"dokumenty-do-pobrania","status":"publish","type":"page","link":"https:\/\/dekpol.pl\/stal\/dokumenty-do-pobrania\/","title":{"rendered":"Dokumenty do pobrania"},"content":{"rendered":"","protected":false},"excerpt":{"rendered":"","protected":false},"author":14,"featured_media":0,"parent":0,"menu_order":0,"comment_status":"closed","ping_status":"closed","template":"","meta":[],"yoast_head":"<!-- This site is optimized with the Yoast SEO plugin v17.8 - https:\/\/yoast.com\/wordpress\/plugins\/seo\/ -->\n<title>Dokumenty do pobrania - Dekpol Steel<\/title>\n<meta name=\"robots\" content=\"noindex, nofollow\" \/>\n<meta property=\"og:locale\" content=\"pl_PL\" \/>\n<meta property=\"og:type\" content=\"article\" \/>\n<meta property=\"og:title\" content=\"Dokumenty do pobrania - Dekpol Steel\" \/>\n<meta property=\"og:url\" content=\"https:\/\/dekpol.pl\/stal\/dokumenty-do-pobrania\/\" \/>\n<meta property=\"og:site_name\" content=\"Dekpol Steel\" \/>\n<meta property=\"article:modified_time\" content=\"2022-05-10T12:52:22+00:00\" \/>\n<meta name=\"twitter:card\" content=\"summary_large_image\" \/>\n<script type=\"application\/ld+json\" class=\"yoast-schema-graph\">{\"@context\":\"https:\/\/schema.org\",\"@graph\":[{\"@type\":\"WebSite\",\"@id\":\"https:\/\/dekpol.pl\/stal\/#website\",\"url\":\"https:\/\/dekpol.pl\/stal\/\",\"name\":\"Dekpol Steel\",\"description\":\"Nasza wysoko wykwalifikowana kadra, nowoczesna infrastruktura oraz wieloletnie do\\u015bwiadczenie gwarantuje wysok\\u0105 jako\\u015b\\u0107 \\u0142y\\u017cek i osprz\\u0119tu budowlanego.\",\"potentialAction\":[{\"@type\":\"SearchAction\",\"target\":{\"@type\":\"EntryPoint\",\"urlTemplate\":\"https:\/\/dekpol.pl\/stal\/?s={search_term_string}\"},\"query-input\":\"required name=search_term_string\"}],\"inLanguage\":\"pl-PL\"},{\"@type\":\"WebPage\",\"@id\":\"https:\/\/dekpol.pl\/stal\/dokumenty-do-pobrania\/#webpage\",\"url\":\"https:\/\/dekpol.pl\/stal\/dokumenty-do-pobrania\/\",\"name\":\"Dokumenty do pobrania - Dekpol Steel\",\"isPartOf\":{\"@id\":\"https:\/\/dekpol.pl\/stal\/#website\"},\"datePublished\":\"2020-05-06T13:28:04+00:00\",\"dateModified\":\"2022-05-10T12:52:22+00:00\",\"breadcrumb\":{\"@id\":\"https:\/\/dekpol.pl\/stal\/dokumenty-do-pobrania\/#breadcrumb\"},\"inLanguage\":\"pl-PL\",\"potentialAction\":[{\"@type\":\"ReadAction\",\"target\":[\"https:\/\/dekpol.pl\/stal\/dokumenty-do-pobrania\/\"]}]},{\"@type\":\"BreadcrumbList\",\"@id\":\"https:\/\/dekpol.pl\/stal\/dokumenty-do-pobrania\/#breadcrumb\",\"itemListElement\":[{\"@type\":\"ListItem\",\"position\":1,\"name\":\"Strona g\\u0142\\u00f3wna\",\"item\":\"https:\/\/dekpol.pl\/stal\/\"},{\"@type\":\"ListItem\",\"position\":2,\"name\":\"Dokumenty do pobrania\"}]}]}<\/script>\n<!-- \/ Yoast SEO plugin. -->","yoast_head_json":{"title":"Dokumenty do pobrania - Dekpol Steel","robots":{"index":"noindex","follow":"nofollow"},"og_locale":"pl_PL","og_type":"article","og_title":"Dokumenty do pobrania - Dekpol Steel","og_url":"https:\/\/dekpol.pl\/stal\/dokumenty-do-pobrania\/","og_site_name":"Dekpol Steel","article_modified_time":"2022-05-10T12:52:22+00:00","twitter_card":"summary_large_image","schema":{"@context":"https:\/\/schema.org","@graph":[{"@type":"WebSite","@id":"https:\/\/dekpol.pl\/stal\/#website","url":"https:\/\/dekpol.pl\/stal\/","name":"Dekpol Steel","description":"Nasza wysoko wykwalifikowana kadra, nowoczesna infrastruktura oraz wieloletnie do\u015bwiadczenie gwarantuje wysok\u0105 jako\u015b\u0107 \u0142y\u017cek i osprz\u0119tu budowlanego.","potentialAction":[{"@type":"SearchAction","target":{"@type":"EntryPoint","urlTemplate":"https:\/\/dekpol.pl\/stal\/?s={search_term_string}"},"query-input":"required name=search_term_string"}],"inLanguage":"pl-PL"},{"@type":"WebPage","@id":"https:\/\/dekpol.pl\/stal\/dokumenty-do-pobrania\/#webpage","url":"https:\/\/dekpol.pl\/stal\/dokumenty-do-pobrania\/","name":"Dokumenty do pobrania - Dekpol Steel","isPartOf":{"@id":"https:\/\/dekpol.pl\/stal\/#website"},"datePublished":"2020-05-06T13:28:04+00:00","dateModified":"2022-05-10T12:52:22+00:00","breadcrumb":{"@id":"https:\/\/dekpol.pl\/stal\/dokumenty-do-pobrania\/#breadcrumb"},"inLanguage":"pl-PL","potentialAction":[{"@type":"ReadAction","target":["https:\/\/dekpol.pl\/stal\/dokumenty-do-pobrania\/"]}]},{"@type":"BreadcrumbList","@id":"https:\/\/dekpol.pl\/stal\/dokumenty-do-pobrania\/#breadcrumb","itemListElement":[{"@type":"ListItem","position":1,"name":"Strona g\u0142\u00f3wna","item":"https:\/\/dekpol.pl\/stal\/"},{"@type":"ListItem","position":2,"name":"Dokumenty do pobrania"}]}]}},"_links":{"self":[{"href":"https:\/\/dekpol.pl\/stal\/wp-json\/wp\/v2\/pages\/5128"}],"collection":[{"href":"https:\/\/dekpol.pl\/stal\/wp-json\/wp\/v2\/pages"}],"about":[{"href":"https:\/\/dekpol.pl\/stal\/wp-json\/wp\/v2\/types\/page"}],"author":[{"embeddable":true,"href":"https:\/\/dekpol.pl\/stal\/wp-json\/wp\/v2\/users\/14"}],"replies":[{"embeddable":true,"href":"https:\/\/dekpol.pl\/stal\/wp-json\/wp\/v2\/comments?post=5128"}],"version-history":[{"count":20,"href":"https:\/\/dekpol.pl\/stal\/wp-json\/wp\/v2\/pages\/5128\/revisions"}],"predecessor-version":[{"id":7768,"href":"https:\/\/dekpol.pl\/stal\/wp-json\/wp\/v2\/pages\/5128\/revisions\/7768"}],"wp:attachment":[{"href":"https:\/\/dekpol.pl\/stal\/wp-json\/wp\/v2\/media?parent=5128"}],"curies":[{"name":"wp","href":"https:\/\/api.w.org\/{rel}","templated":true}]}}