{"id":505,"date":"2019-02-08T10:37:25","date_gmt":"2019-02-08T09:37:25","guid":{"rendered":"https:\/\/dekpol.pl\/stal\/?page_id=505"},"modified":"2019-12-31T10:54:50","modified_gmt":"2019-12-31T09:54:50","slug":"aktualnosci","status":"publish","type":"page","link":"https:\/\/dekpol.pl\/stal\/aktualnosci\/","title":{"rendered":"Aktualno\u015bci"},"content":{"rendered":"","protected":false},"excerpt":{"rendered":"","protected":false},"author":14,"featured_media":0,"parent":0,"menu_order":0,"comment_status":"closed","ping_status":"closed","template":"page-templates\/template-news-page.php","meta":[],"yoast_head":"<!-- This site is optimized with the Yoast SEO plugin v17.8 - https:\/\/yoast.com\/wordpress\/plugins\/seo\/ -->\n<title>Aktualno\u015bci - Dekpol Steel<\/title>\n<meta name=\"description\" content=\"Zapoznaj si\u0119 z naszymi aktualno\u015bciami. Opisujemy istotne wydarzenia naszej firmy. B\u0105d\u017a na bie\u017c\u0105co.\" \/>\n<meta name=\"robots\" content=\"index, follow, max-snippet:-1, max-image-preview:large, max-video-preview:-1\" \/>\n<link rel=\"canonical\" href=\"https:\/\/dekpol.pl\/stal\/aktualnosci\/\" \/>\n<meta property=\"og:locale\" content=\"pl_PL\" \/>\n<meta property=\"og:type\" content=\"article\" \/>\n<meta property=\"og:title\" content=\"Aktualno\u015bci - Dekpol Steel\" \/>\n<meta property=\"og:description\" content=\"Zapoznaj si\u0119 z naszymi aktualno\u015bciami. Opisujemy istotne wydarzenia naszej firmy. B\u0105d\u017a na bie\u017c\u0105co.\" \/>\n<meta property=\"og:url\" content=\"https:\/\/dekpol.pl\/stal\/aktualnosci\/\" \/>\n<meta property=\"og:site_name\" content=\"Dekpol Steel\" \/>\n<meta property=\"article:modified_time\" content=\"2019-12-31T09:54:50+00:00\" \/>\n<meta name=\"twitter:card\" content=\"summary_large_image\" \/>\n<script type=\"application\/ld+json\" class=\"yoast-schema-graph\">{\"@context\":\"https:\/\/schema.org\",\"@graph\":[{\"@type\":\"WebSite\",\"@id\":\"https:\/\/dekpol.pl\/stal\/#website\",\"url\":\"https:\/\/dekpol.pl\/stal\/\",\"name\":\"Dekpol Steel\",\"description\":\"Nasza wysoko wykwalifikowana kadra, nowoczesna infrastruktura oraz wieloletnie do\\u015bwiadczenie gwarantuje wysok\\u0105 jako\\u015b\\u0107 \\u0142y\\u017cek i osprz\\u0119tu budowlanego.\",\"potentialAction\":[{\"@type\":\"SearchAction\",\"target\":{\"@type\":\"EntryPoint\",\"urlTemplate\":\"https:\/\/dekpol.pl\/stal\/?s={search_term_string}\"},\"query-input\":\"required name=search_term_string\"}],\"inLanguage\":\"pl-PL\"},{\"@type\":\"WebPage\",\"@id\":\"https:\/\/dekpol.pl\/stal\/aktualnosci\/#webpage\",\"url\":\"https:\/\/dekpol.pl\/stal\/aktualnosci\/\",\"name\":\"Aktualno\\u015bci - Dekpol Steel\",\"isPartOf\":{\"@id\":\"https:\/\/dekpol.pl\/stal\/#website\"},\"datePublished\":\"2019-02-08T09:37:25+00:00\",\"dateModified\":\"2019-12-31T09:54:50+00:00\",\"description\":\"Zapoznaj si\\u0119 z naszymi aktualno\\u015bciami. Opisujemy istotne wydarzenia naszej firmy. B\\u0105d\\u017a na bie\\u017c\\u0105co.\",\"breadcrumb\":{\"@id\":\"https:\/\/dekpol.pl\/stal\/aktualnosci\/#breadcrumb\"},\"inLanguage\":\"pl-PL\",\"potentialAction\":[{\"@type\":\"ReadAction\",\"target\":[\"https:\/\/dekpol.pl\/stal\/aktualnosci\/\"]}]},{\"@type\":\"BreadcrumbList\",\"@id\":\"https:\/\/dekpol.pl\/stal\/aktualnosci\/#breadcrumb\",\"itemListElement\":[{\"@type\":\"ListItem\",\"position\":1,\"name\":\"Strona g\\u0142\\u00f3wna\",\"item\":\"https:\/\/dekpol.pl\/stal\/\"},{\"@type\":\"ListItem\",\"position\":2,\"name\":\"Aktualno\\u015bci\"}]}]}<\/script>\n<!-- \/ Yoast SEO plugin. -->","yoast_head_json":{"title":"Aktualno\u015bci - Dekpol Steel","description":"Zapoznaj si\u0119 z naszymi aktualno\u015bciami. Opisujemy istotne wydarzenia naszej firmy. B\u0105d\u017a na bie\u017c\u0105co.","robots":{"index":"index","follow":"follow","max-snippet":"max-snippet:-1","max-image-preview":"max-image-preview:large","max-video-preview":"max-video-preview:-1"},"canonical":"https:\/\/dekpol.pl\/stal\/aktualnosci\/","og_locale":"pl_PL","og_type":"article","og_title":"Aktualno\u015bci - Dekpol Steel","og_description":"Zapoznaj si\u0119 z naszymi aktualno\u015bciami. Opisujemy istotne wydarzenia naszej firmy. B\u0105d\u017a na bie\u017c\u0105co.","og_url":"https:\/\/dekpol.pl\/stal\/aktualnosci\/","og_site_name":"Dekpol Steel","article_modified_time":"2019-12-31T09:54:50+00:00","twitter_card":"summary_large_image","schema":{"@context":"https:\/\/schema.org","@graph":[{"@type":"WebSite","@id":"https:\/\/dekpol.pl\/stal\/#website","url":"https:\/\/dekpol.pl\/stal\/","name":"Dekpol Steel","description":"Nasza wysoko wykwalifikowana kadra, nowoczesna infrastruktura oraz wieloletnie do\u015bwiadczenie gwarantuje wysok\u0105 jako\u015b\u0107 \u0142y\u017cek i osprz\u0119tu budowlanego.","potentialAction":[{"@type":"SearchAction","target":{"@type":"EntryPoint","urlTemplate":"https:\/\/dekpol.pl\/stal\/?s={search_term_string}"},"query-input":"required name=search_term_string"}],"inLanguage":"pl-PL"},{"@type":"WebPage","@id":"https:\/\/dekpol.pl\/stal\/aktualnosci\/#webpage","url":"https:\/\/dekpol.pl\/stal\/aktualnosci\/","name":"Aktualno\u015bci - Dekpol Steel","isPartOf":{"@id":"https:\/\/dekpol.pl\/stal\/#website"},"datePublished":"2019-02-08T09:37:25+00:00","dateModified":"2019-12-31T09:54:50+00:00","description":"Zapoznaj si\u0119 z naszymi aktualno\u015bciami. Opisujemy istotne wydarzenia naszej firmy. B\u0105d\u017a na bie\u017c\u0105co.","breadcrumb":{"@id":"https:\/\/dekpol.pl\/stal\/aktualnosci\/#breadcrumb"},"inLanguage":"pl-PL","potentialAction":[{"@type":"ReadAction","target":["https:\/\/dekpol.pl\/stal\/aktualnosci\/"]}]},{"@type":"BreadcrumbList","@id":"https:\/\/dekpol.pl\/stal\/aktualnosci\/#breadcrumb","itemListElement":[{"@type":"ListItem","position":1,"name":"Strona g\u0142\u00f3wna","item":"https:\/\/dekpol.pl\/stal\/"},{"@type":"ListItem","position":2,"name":"Aktualno\u015bci"}]}]}},"_links":{"self":[{"href":"https:\/\/dekpol.pl\/stal\/wp-json\/wp\/v2\/pages\/505"}],"collection":[{"href":"https:\/\/dekpol.pl\/stal\/wp-json\/wp\/v2\/pages"}],"about":[{"href":"https:\/\/dekpol.pl\/stal\/wp-json\/wp\/v2\/types\/page"}],"author":[{"embeddable":true,"href":"https:\/\/dekpol.pl\/stal\/wp-json\/wp\/v2\/users\/14"}],"replies":[{"embeddable":true,"href":"https:\/\/dekpol.pl\/stal\/wp-json\/wp\/v2\/comments?post=505"}],"version-history":[{"count":1,"href":"https:\/\/dekpol.pl\/stal\/wp-json\/wp\/v2\/pages\/505\/revisions"}],"predecessor-version":[{"id":506,"href":"https:\/\/dekpol.pl\/stal\/wp-json\/wp\/v2\/pages\/505\/revisions\/506"}],"wp:attachment":[{"href":"https:\/\/dekpol.pl\/stal\/wp-json\/wp\/v2\/media?parent=505"}],"curies":[{"name":"wp","href":"https:\/\/api.w.org\/{rel}","templated":true}]}}