{"id":2899,"date":"2020-03-12T13:53:36","date_gmt":"2020-03-12T12:53:36","guid":{"rendered":"https:\/\/dekpol.pl\/stal\/?page_id=2899"},"modified":"2020-03-12T15:02:19","modified_gmt":"2020-03-12T14:02:19","slug":"kariera","status":"publish","type":"page","link":"https:\/\/dekpol.pl\/stal\/kariera\/","title":{"rendered":"Kariera"},"content":{"rendered":"","protected":false},"excerpt":{"rendered":"","protected":false},"author":14,"featured_media":0,"parent":0,"menu_order":0,"comment_status":"closed","ping_status":"closed","template":"","meta":[],"yoast_head":"<!-- This site is optimized with the Yoast SEO plugin v17.8 - https:\/\/yoast.com\/wordpress\/plugins\/seo\/ -->\n<title>Kariera - Dekpol Steel<\/title>\n<meta name=\"robots\" content=\"index, follow, max-snippet:-1, max-image-preview:large, max-video-preview:-1\" \/>\n<link rel=\"canonical\" href=\"https:\/\/dekpol.pl\/stal\/kariera\/\" \/>\n<meta property=\"og:locale\" content=\"pl_PL\" \/>\n<meta property=\"og:type\" content=\"article\" \/>\n<meta property=\"og:title\" content=\"Kariera - Dekpol Steel\" \/>\n<meta property=\"og:url\" content=\"https:\/\/dekpol.pl\/stal\/kariera\/\" \/>\n<meta property=\"og:site_name\" content=\"Dekpol Steel\" \/>\n<meta property=\"article:modified_time\" content=\"2020-03-12T14:02:19+00:00\" \/>\n<meta name=\"twitter:card\" content=\"summary_large_image\" \/>\n<script type=\"application\/ld+json\" class=\"yoast-schema-graph\">{\"@context\":\"https:\/\/schema.org\",\"@graph\":[{\"@type\":\"WebSite\",\"@id\":\"https:\/\/dekpol.pl\/stal\/#website\",\"url\":\"https:\/\/dekpol.pl\/stal\/\",\"name\":\"Dekpol Steel\",\"description\":\"Nasza wysoko wykwalifikowana kadra, nowoczesna infrastruktura oraz wieloletnie do\\u015bwiadczenie gwarantuje wysok\\u0105 jako\\u015b\\u0107 \\u0142y\\u017cek i osprz\\u0119tu budowlanego.\",\"potentialAction\":[{\"@type\":\"SearchAction\",\"target\":{\"@type\":\"EntryPoint\",\"urlTemplate\":\"https:\/\/dekpol.pl\/stal\/?s={search_term_string}\"},\"query-input\":\"required name=search_term_string\"}],\"inLanguage\":\"pl-PL\"},{\"@type\":\"WebPage\",\"@id\":\"https:\/\/dekpol.pl\/stal\/kariera\/#webpage\",\"url\":\"https:\/\/dekpol.pl\/stal\/kariera\/\",\"name\":\"Kariera - Dekpol Steel\",\"isPartOf\":{\"@id\":\"https:\/\/dekpol.pl\/stal\/#website\"},\"datePublished\":\"2020-03-12T12:53:36+00:00\",\"dateModified\":\"2020-03-12T14:02:19+00:00\",\"breadcrumb\":{\"@id\":\"https:\/\/dekpol.pl\/stal\/kariera\/#breadcrumb\"},\"inLanguage\":\"pl-PL\",\"potentialAction\":[{\"@type\":\"ReadAction\",\"target\":[\"https:\/\/dekpol.pl\/stal\/kariera\/\"]}]},{\"@type\":\"BreadcrumbList\",\"@id\":\"https:\/\/dekpol.pl\/stal\/kariera\/#breadcrumb\",\"itemListElement\":[{\"@type\":\"ListItem\",\"position\":1,\"name\":\"Strona g\\u0142\\u00f3wna\",\"item\":\"https:\/\/dekpol.pl\/stal\/\"},{\"@type\":\"ListItem\",\"position\":2,\"name\":\"Kariera\"}]}]}<\/script>\n<!-- \/ Yoast SEO plugin. -->","yoast_head_json":{"title":"Kariera - Dekpol Steel","robots":{"index":"index","follow":"follow","max-snippet":"max-snippet:-1","max-image-preview":"max-image-preview:large","max-video-preview":"max-video-preview:-1"},"canonical":"https:\/\/dekpol.pl\/stal\/kariera\/","og_locale":"pl_PL","og_type":"article","og_title":"Kariera - Dekpol Steel","og_url":"https:\/\/dekpol.pl\/stal\/kariera\/","og_site_name":"Dekpol Steel","article_modified_time":"2020-03-12T14:02:19+00:00","twitter_card":"summary_large_image","schema":{"@context":"https:\/\/schema.org","@graph":[{"@type":"WebSite","@id":"https:\/\/dekpol.pl\/stal\/#website","url":"https:\/\/dekpol.pl\/stal\/","name":"Dekpol Steel","description":"Nasza wysoko wykwalifikowana kadra, nowoczesna infrastruktura oraz wieloletnie do\u015bwiadczenie gwarantuje wysok\u0105 jako\u015b\u0107 \u0142y\u017cek i osprz\u0119tu budowlanego.","potentialAction":[{"@type":"SearchAction","target":{"@type":"EntryPoint","urlTemplate":"https:\/\/dekpol.pl\/stal\/?s={search_term_string}"},"query-input":"required name=search_term_string"}],"inLanguage":"pl-PL"},{"@type":"WebPage","@id":"https:\/\/dekpol.pl\/stal\/kariera\/#webpage","url":"https:\/\/dekpol.pl\/stal\/kariera\/","name":"Kariera - Dekpol Steel","isPartOf":{"@id":"https:\/\/dekpol.pl\/stal\/#website"},"datePublished":"2020-03-12T12:53:36+00:00","dateModified":"2020-03-12T14:02:19+00:00","breadcrumb":{"@id":"https:\/\/dekpol.pl\/stal\/kariera\/#breadcrumb"},"inLanguage":"pl-PL","potentialAction":[{"@type":"ReadAction","target":["https:\/\/dekpol.pl\/stal\/kariera\/"]}]},{"@type":"BreadcrumbList","@id":"https:\/\/dekpol.pl\/stal\/kariera\/#breadcrumb","itemListElement":[{"@type":"ListItem","position":1,"name":"Strona g\u0142\u00f3wna","item":"https:\/\/dekpol.pl\/stal\/"},{"@type":"ListItem","position":2,"name":"Kariera"}]}]}},"_links":{"self":[{"href":"https:\/\/dekpol.pl\/stal\/wp-json\/wp\/v2\/pages\/2899"}],"collection":[{"href":"https:\/\/dekpol.pl\/stal\/wp-json\/wp\/v2\/pages"}],"about":[{"href":"https:\/\/dekpol.pl\/stal\/wp-json\/wp\/v2\/types\/page"}],"author":[{"embeddable":true,"href":"https:\/\/dekpol.pl\/stal\/wp-json\/wp\/v2\/users\/14"}],"replies":[{"embeddable":true,"href":"https:\/\/dekpol.pl\/stal\/wp-json\/wp\/v2\/comments?post=2899"}],"version-history":[{"count":9,"href":"https:\/\/dekpol.pl\/stal\/wp-json\/wp\/v2\/pages\/2899\/revisions"}],"predecessor-version":[{"id":2908,"href":"https:\/\/dekpol.pl\/stal\/wp-json\/wp\/v2\/pages\/2899\/revisions\/2908"}],"wp:attachment":[{"href":"https:\/\/dekpol.pl\/stal\/wp-json\/wp\/v2\/media?parent=2899"}],"curies":[{"name":"wp","href":"https:\/\/api.w.org\/{rel}","templated":true}]}}