{"id":1724,"date":"2019-04-02T11:26:44","date_gmt":"2019-04-02T09:26:44","guid":{"rendered":"https:\/\/dekpol.pl\/stal\/?page_id=1724"},"modified":"2024-09-08T18:48:20","modified_gmt":"2024-09-08T16:48:20","slug":"perfect-shape","status":"publish","type":"page","link":"https:\/\/dekpol.pl\/stal\/perfect-shape\/","title":{"rendered":"Perfect shape"},"content":{"rendered":"","protected":false},"excerpt":{"rendered":"","protected":false},"author":14,"featured_media":0,"parent":0,"menu_order":0,"comment_status":"closed","ping_status":"closed","template":"","meta":[],"yoast_head":"<!-- This site is optimized with the Yoast SEO plugin v17.8 - https:\/\/yoast.com\/wordpress\/plugins\/seo\/ -->\n<title>Perfect shape - Dekpol Steel<\/title>\n<meta name=\"description\" content=\"Inspiracj\u0105 do tworzenia naszych wyrob\u00f3w jest sztuka. Za ka\u017cdym razem poszukujemy i d\u0105\u017cymy do idealnego kszta\u0142tu \u0142y\u017cek. Doskona\u0142o\u015b\u0107 czerpiemy z natury. Nasze wyroby projektujemy opieraj\u0105c si\u0119 na perfekcji ruchu cz\u0142owieka, jego dynamizmie i sile.\" \/>\n<meta name=\"robots\" content=\"index, follow, max-snippet:-1, max-image-preview:large, max-video-preview:-1\" \/>\n<link rel=\"canonical\" href=\"https:\/\/dekpol.pl\/stal\/perfect-shape\/\" \/>\n<meta property=\"og:locale\" content=\"pl_PL\" \/>\n<meta property=\"og:type\" content=\"article\" \/>\n<meta property=\"og:title\" content=\"Perfect shape - Dekpol Steel\" \/>\n<meta property=\"og:description\" content=\"Inspiracj\u0105 do tworzenia naszych wyrob\u00f3w jest sztuka. Za ka\u017cdym razem poszukujemy i d\u0105\u017cymy do idealnego kszta\u0142tu \u0142y\u017cek. Doskona\u0142o\u015b\u0107 czerpiemy z natury. Nasze wyroby projektujemy opieraj\u0105c si\u0119 na perfekcji ruchu cz\u0142owieka, jego dynamizmie i sile.\" \/>\n<meta property=\"og:url\" content=\"https:\/\/dekpol.pl\/stal\/perfect-shape\/\" \/>\n<meta property=\"og:site_name\" content=\"Dekpol Steel\" \/>\n<meta property=\"article:modified_time\" content=\"2024-09-08T16:48:20+00:00\" \/>\n<meta name=\"twitter:card\" content=\"summary_large_image\" \/>\n<script type=\"application\/ld+json\" class=\"yoast-schema-graph\">{\"@context\":\"https:\/\/schema.org\",\"@graph\":[{\"@type\":\"WebSite\",\"@id\":\"https:\/\/dekpol.pl\/stal\/#website\",\"url\":\"https:\/\/dekpol.pl\/stal\/\",\"name\":\"Dekpol Steel\",\"description\":\"Nasza wysoko wykwalifikowana kadra, nowoczesna infrastruktura oraz wieloletnie do\\u015bwiadczenie gwarantuje wysok\\u0105 jako\\u015b\\u0107 \\u0142y\\u017cek i osprz\\u0119tu budowlanego.\",\"potentialAction\":[{\"@type\":\"SearchAction\",\"target\":{\"@type\":\"EntryPoint\",\"urlTemplate\":\"https:\/\/dekpol.pl\/stal\/?s={search_term_string}\"},\"query-input\":\"required name=search_term_string\"}],\"inLanguage\":\"pl-PL\"},{\"@type\":\"WebPage\",\"@id\":\"https:\/\/dekpol.pl\/stal\/perfect-shape\/#webpage\",\"url\":\"https:\/\/dekpol.pl\/stal\/perfect-shape\/\",\"name\":\"Perfect shape - Dekpol Steel\",\"isPartOf\":{\"@id\":\"https:\/\/dekpol.pl\/stal\/#website\"},\"datePublished\":\"2019-04-02T09:26:44+00:00\",\"dateModified\":\"2024-09-08T16:48:20+00:00\",\"description\":\"Inspiracj\\u0105 do tworzenia naszych wyrob\\u00f3w jest sztuka. Za ka\\u017cdym razem poszukujemy i d\\u0105\\u017cymy do idealnego kszta\\u0142tu \\u0142y\\u017cek. Doskona\\u0142o\\u015b\\u0107 czerpiemy z natury. Nasze wyroby projektujemy opieraj\\u0105c si\\u0119 na perfekcji ruchu cz\\u0142owieka, jego dynamizmie i sile.\",\"breadcrumb\":{\"@id\":\"https:\/\/dekpol.pl\/stal\/perfect-shape\/#breadcrumb\"},\"inLanguage\":\"pl-PL\",\"potentialAction\":[{\"@type\":\"ReadAction\",\"target\":[\"https:\/\/dekpol.pl\/stal\/perfect-shape\/\"]}]},{\"@type\":\"BreadcrumbList\",\"@id\":\"https:\/\/dekpol.pl\/stal\/perfect-shape\/#breadcrumb\",\"itemListElement\":[{\"@type\":\"ListItem\",\"position\":1,\"name\":\"Strona g\\u0142\\u00f3wna\",\"item\":\"https:\/\/dekpol.pl\/stal\/\"},{\"@type\":\"ListItem\",\"position\":2,\"name\":\"Perfect shape\"}]}]}<\/script>\n<!-- \/ Yoast SEO plugin. -->","yoast_head_json":{"title":"Perfect shape - Dekpol Steel","description":"Inspiracj\u0105 do tworzenia naszych wyrob\u00f3w jest sztuka. Za ka\u017cdym razem poszukujemy i d\u0105\u017cymy do idealnego kszta\u0142tu \u0142y\u017cek. Doskona\u0142o\u015b\u0107 czerpiemy z natury. Nasze wyroby projektujemy opieraj\u0105c si\u0119 na perfekcji ruchu cz\u0142owieka, jego dynamizmie i sile.","robots":{"index":"index","follow":"follow","max-snippet":"max-snippet:-1","max-image-preview":"max-image-preview:large","max-video-preview":"max-video-preview:-1"},"canonical":"https:\/\/dekpol.pl\/stal\/perfect-shape\/","og_locale":"pl_PL","og_type":"article","og_title":"Perfect shape - Dekpol Steel","og_description":"Inspiracj\u0105 do tworzenia naszych wyrob\u00f3w jest sztuka. Za ka\u017cdym razem poszukujemy i d\u0105\u017cymy do idealnego kszta\u0142tu \u0142y\u017cek. Doskona\u0142o\u015b\u0107 czerpiemy z natury. Nasze wyroby projektujemy opieraj\u0105c si\u0119 na perfekcji ruchu cz\u0142owieka, jego dynamizmie i sile.","og_url":"https:\/\/dekpol.pl\/stal\/perfect-shape\/","og_site_name":"Dekpol Steel","article_modified_time":"2024-09-08T16:48:20+00:00","twitter_card":"summary_large_image","schema":{"@context":"https:\/\/schema.org","@graph":[{"@type":"WebSite","@id":"https:\/\/dekpol.pl\/stal\/#website","url":"https:\/\/dekpol.pl\/stal\/","name":"Dekpol Steel","description":"Nasza wysoko wykwalifikowana kadra, nowoczesna infrastruktura oraz wieloletnie do\u015bwiadczenie gwarantuje wysok\u0105 jako\u015b\u0107 \u0142y\u017cek i osprz\u0119tu budowlanego.","potentialAction":[{"@type":"SearchAction","target":{"@type":"EntryPoint","urlTemplate":"https:\/\/dekpol.pl\/stal\/?s={search_term_string}"},"query-input":"required name=search_term_string"}],"inLanguage":"pl-PL"},{"@type":"WebPage","@id":"https:\/\/dekpol.pl\/stal\/perfect-shape\/#webpage","url":"https:\/\/dekpol.pl\/stal\/perfect-shape\/","name":"Perfect shape - Dekpol Steel","isPartOf":{"@id":"https:\/\/dekpol.pl\/stal\/#website"},"datePublished":"2019-04-02T09:26:44+00:00","dateModified":"2024-09-08T16:48:20+00:00","description":"Inspiracj\u0105 do tworzenia naszych wyrob\u00f3w jest sztuka. Za ka\u017cdym razem poszukujemy i d\u0105\u017cymy do idealnego kszta\u0142tu \u0142y\u017cek. Doskona\u0142o\u015b\u0107 czerpiemy z natury. Nasze wyroby projektujemy opieraj\u0105c si\u0119 na perfekcji ruchu cz\u0142owieka, jego dynamizmie i sile.","breadcrumb":{"@id":"https:\/\/dekpol.pl\/stal\/perfect-shape\/#breadcrumb"},"inLanguage":"pl-PL","potentialAction":[{"@type":"ReadAction","target":["https:\/\/dekpol.pl\/stal\/perfect-shape\/"]}]},{"@type":"BreadcrumbList","@id":"https:\/\/dekpol.pl\/stal\/perfect-shape\/#breadcrumb","itemListElement":[{"@type":"ListItem","position":1,"name":"Strona g\u0142\u00f3wna","item":"https:\/\/dekpol.pl\/stal\/"},{"@type":"ListItem","position":2,"name":"Perfect shape"}]}]}},"_links":{"self":[{"href":"https:\/\/dekpol.pl\/stal\/wp-json\/wp\/v2\/pages\/1724"}],"collection":[{"href":"https:\/\/dekpol.pl\/stal\/wp-json\/wp\/v2\/pages"}],"about":[{"href":"https:\/\/dekpol.pl\/stal\/wp-json\/wp\/v2\/types\/page"}],"author":[{"embeddable":true,"href":"https:\/\/dekpol.pl\/stal\/wp-json\/wp\/v2\/users\/14"}],"replies":[{"embeddable":true,"href":"https:\/\/dekpol.pl\/stal\/wp-json\/wp\/v2\/comments?post=1724"}],"version-history":[{"count":111,"href":"https:\/\/dekpol.pl\/stal\/wp-json\/wp\/v2\/pages\/1724\/revisions"}],"predecessor-version":[{"id":10337,"href":"https:\/\/dekpol.pl\/stal\/wp-json\/wp\/v2\/pages\/1724\/revisions\/10337"}],"wp:attachment":[{"href":"https:\/\/dekpol.pl\/stal\/wp-json\/wp\/v2\/media?parent=1724"}],"curies":[{"name":"wp","href":"https:\/\/api.w.org\/{rel}","templated":true}]}}