{"id":5627,"date":"2020-04-07T15:59:42","date_gmt":"2020-04-07T13:59:42","guid":{"rendered":"https:\/\/dekpol.pl\/stal\/katalog\/"},"modified":"2020-06-29T09:39:38","modified_gmt":"2020-06-29T07:39:38","slug":"catalogue","status":"publish","type":"page","link":"https:\/\/dekpol.pl\/stal\/fr\/catalogue\/","title":{"rendered":"Catalogue"},"content":{"rendered":"","protected":false},"excerpt":{"rendered":"","protected":false},"author":14,"featured_media":0,"parent":0,"menu_order":0,"comment_status":"closed","ping_status":"closed","template":"","meta":[],"yoast_head":"<!-- This site is optimized with the Yoast SEO plugin v17.8 - https:\/\/yoast.com\/wordpress\/plugins\/seo\/ -->\n<title>Catalogue - Dekpol Steel<\/title>\n<meta name=\"robots\" content=\"index, follow, max-snippet:-1, max-image-preview:large, max-video-preview:-1\" \/>\n<link rel=\"canonical\" href=\"https:\/\/dekpol.pl\/stal\/fr\/catalogue\/\" \/>\n<meta property=\"og:locale\" content=\"fr_FR\" \/>\n<meta property=\"og:type\" content=\"article\" \/>\n<meta property=\"og:title\" content=\"Catalogue - Dekpol Steel\" \/>\n<meta property=\"og:url\" content=\"https:\/\/dekpol.pl\/stal\/fr\/catalogue\/\" \/>\n<meta property=\"og:site_name\" content=\"Dekpol Steel\" \/>\n<meta property=\"article:modified_time\" content=\"2020-06-29T07:39:38+00:00\" \/>\n<meta name=\"twitter:card\" content=\"summary_large_image\" \/>\n<script type=\"application\/ld+json\" class=\"yoast-schema-graph\">{\"@context\":\"https:\/\/schema.org\",\"@graph\":[{\"@type\":\"WebSite\",\"@id\":\"https:\/\/dekpol.pl\/stal\/#website\",\"url\":\"https:\/\/dekpol.pl\/stal\/\",\"name\":\"Dekpol Steel\",\"description\":\"Nasza wysoko wykwalifikowana kadra, nowoczesna infrastruktura oraz wieloletnie do\\u015bwiadczenie gwarantuje wysok\\u0105 jako\\u015b\\u0107 \\u0142y\\u017cek i osprz\\u0119tu budowlanego.\",\"potentialAction\":[{\"@type\":\"SearchAction\",\"target\":{\"@type\":\"EntryPoint\",\"urlTemplate\":\"https:\/\/dekpol.pl\/stal\/?s={search_term_string}\"},\"query-input\":\"required name=search_term_string\"}],\"inLanguage\":\"fr-FR\"},{\"@type\":\"WebPage\",\"@id\":\"https:\/\/dekpol.pl\/stal\/fr\/catalogue\/#webpage\",\"url\":\"https:\/\/dekpol.pl\/stal\/fr\/catalogue\/\",\"name\":\"Catalogue - Dekpol Steel\",\"isPartOf\":{\"@id\":\"https:\/\/dekpol.pl\/stal\/#website\"},\"datePublished\":\"2020-04-07T13:59:42+00:00\",\"dateModified\":\"2020-06-29T07:39:38+00:00\",\"breadcrumb\":{\"@id\":\"https:\/\/dekpol.pl\/stal\/fr\/catalogue\/#breadcrumb\"},\"inLanguage\":\"fr-FR\",\"potentialAction\":[{\"@type\":\"ReadAction\",\"target\":[\"https:\/\/dekpol.pl\/stal\/fr\/catalogue\/\"]}]},{\"@type\":\"BreadcrumbList\",\"@id\":\"https:\/\/dekpol.pl\/stal\/fr\/catalogue\/#breadcrumb\",\"itemListElement\":[{\"@type\":\"ListItem\",\"position\":1,\"name\":\"Strona g\\u0142\\u00f3wna\",\"item\":\"https:\/\/dekpol.pl\/stal\/fr\/\"},{\"@type\":\"ListItem\",\"position\":2,\"name\":\"Catalogue\"}]}]}<\/script>\n<!-- \/ Yoast SEO plugin. -->","yoast_head_json":{"title":"Catalogue - Dekpol Steel","robots":{"index":"index","follow":"follow","max-snippet":"max-snippet:-1","max-image-preview":"max-image-preview:large","max-video-preview":"max-video-preview:-1"},"canonical":"https:\/\/dekpol.pl\/stal\/fr\/catalogue\/","og_locale":"fr_FR","og_type":"article","og_title":"Catalogue - Dekpol Steel","og_url":"https:\/\/dekpol.pl\/stal\/fr\/catalogue\/","og_site_name":"Dekpol Steel","article_modified_time":"2020-06-29T07:39:38+00:00","twitter_card":"summary_large_image","schema":{"@context":"https:\/\/schema.org","@graph":[{"@type":"WebSite","@id":"https:\/\/dekpol.pl\/stal\/#website","url":"https:\/\/dekpol.pl\/stal\/","name":"Dekpol Steel","description":"Nasza wysoko wykwalifikowana kadra, nowoczesna infrastruktura oraz wieloletnie do\u015bwiadczenie gwarantuje wysok\u0105 jako\u015b\u0107 \u0142y\u017cek i osprz\u0119tu budowlanego.","potentialAction":[{"@type":"SearchAction","target":{"@type":"EntryPoint","urlTemplate":"https:\/\/dekpol.pl\/stal\/?s={search_term_string}"},"query-input":"required name=search_term_string"}],"inLanguage":"fr-FR"},{"@type":"WebPage","@id":"https:\/\/dekpol.pl\/stal\/fr\/catalogue\/#webpage","url":"https:\/\/dekpol.pl\/stal\/fr\/catalogue\/","name":"Catalogue - Dekpol Steel","isPartOf":{"@id":"https:\/\/dekpol.pl\/stal\/#website"},"datePublished":"2020-04-07T13:59:42+00:00","dateModified":"2020-06-29T07:39:38+00:00","breadcrumb":{"@id":"https:\/\/dekpol.pl\/stal\/fr\/catalogue\/#breadcrumb"},"inLanguage":"fr-FR","potentialAction":[{"@type":"ReadAction","target":["https:\/\/dekpol.pl\/stal\/fr\/catalogue\/"]}]},{"@type":"BreadcrumbList","@id":"https:\/\/dekpol.pl\/stal\/fr\/catalogue\/#breadcrumb","itemListElement":[{"@type":"ListItem","position":1,"name":"Strona g\u0142\u00f3wna","item":"https:\/\/dekpol.pl\/stal\/fr\/"},{"@type":"ListItem","position":2,"name":"Catalogue"}]}]}},"_links":{"self":[{"href":"https:\/\/dekpol.pl\/stal\/fr\/wp-json\/wp\/v2\/pages\/5627"}],"collection":[{"href":"https:\/\/dekpol.pl\/stal\/fr\/wp-json\/wp\/v2\/pages"}],"about":[{"href":"https:\/\/dekpol.pl\/stal\/fr\/wp-json\/wp\/v2\/types\/page"}],"author":[{"embeddable":true,"href":"https:\/\/dekpol.pl\/stal\/fr\/wp-json\/wp\/v2\/users\/14"}],"replies":[{"embeddable":true,"href":"https:\/\/dekpol.pl\/stal\/fr\/wp-json\/wp\/v2\/comments?post=5627"}],"version-history":[{"count":7,"href":"https:\/\/dekpol.pl\/stal\/fr\/wp-json\/wp\/v2\/pages\/5627\/revisions"}],"predecessor-version":[{"id":6089,"href":"https:\/\/dekpol.pl\/stal\/fr\/wp-json\/wp\/v2\/pages\/5627\/revisions\/6089"}],"wp:attachment":[{"href":"https:\/\/dekpol.pl\/stal\/fr\/wp-json\/wp\/v2\/media?parent=5627"}],"curies":[{"name":"wp","href":"https:\/\/api.w.org\/{rel}","templated":true}]}}