{"id":3034,"date":"2019-02-08T10:37:10","date_gmt":"2019-02-08T09:37:10","guid":{"rendered":"https:\/\/dekpol.pl\/stal\/poznaj-nas\/"},"modified":"2020-03-23T11:26:47","modified_gmt":"2020-03-23T10:26:47","slug":"decouvrez-nous","status":"publish","type":"page","link":"https:\/\/dekpol.pl\/stal\/fr\/decouvrez-nous\/","title":{"rendered":"D\u00e9couvrez nous"},"content":{"rendered":"","protected":false},"excerpt":{"rendered":"","protected":false},"author":14,"featured_media":0,"parent":0,"menu_order":0,"comment_status":"closed","ping_status":"closed","template":"","meta":[],"yoast_head":"<!-- This site is optimized with the Yoast SEO plugin v17.8 - https:\/\/yoast.com\/wordpress\/plugins\/seo\/ -->\n<title>D\u00e9couvrez nous - Dekpol Steel<\/title>\n<meta name=\"description\" content=\"Jeste\u015bmy pr\u0119\u017cnie rozwijaj\u0105cym si\u0119 sektorem GRUPY DEKPOL S.A., kt\u00f3ry zajmuje si\u0119 produkcj\u0105 osprz\u0119t\u00f3w przeznaczonych do maszyn budowlanych.\" \/>\n<meta name=\"robots\" content=\"index, follow, max-snippet:-1, max-image-preview:large, max-video-preview:-1\" \/>\n<link rel=\"canonical\" href=\"https:\/\/dekpol.pl\/stal\/fr\/decouvrez-nous\/\" \/>\n<meta property=\"og:locale\" content=\"fr_FR\" \/>\n<meta property=\"og:type\" content=\"article\" \/>\n<meta property=\"og:title\" content=\"D\u00e9couvrez nous - Dekpol Steel\" \/>\n<meta property=\"og:description\" content=\"Jeste\u015bmy pr\u0119\u017cnie rozwijaj\u0105cym si\u0119 sektorem GRUPY DEKPOL S.A., kt\u00f3ry zajmuje si\u0119 produkcj\u0105 osprz\u0119t\u00f3w przeznaczonych do maszyn budowlanych.\" \/>\n<meta property=\"og:url\" content=\"https:\/\/dekpol.pl\/stal\/fr\/decouvrez-nous\/\" \/>\n<meta property=\"og:site_name\" content=\"Dekpol Steel\" \/>\n<meta property=\"article:modified_time\" content=\"2020-03-23T10:26:47+00:00\" \/>\n<meta name=\"twitter:card\" content=\"summary_large_image\" \/>\n<script type=\"application\/ld+json\" class=\"yoast-schema-graph\">{\"@context\":\"https:\/\/schema.org\",\"@graph\":[{\"@type\":\"WebSite\",\"@id\":\"https:\/\/dekpol.pl\/stal\/#website\",\"url\":\"https:\/\/dekpol.pl\/stal\/\",\"name\":\"Dekpol Steel\",\"description\":\"Nasza wysoko wykwalifikowana kadra, nowoczesna infrastruktura oraz wieloletnie do\\u015bwiadczenie gwarantuje wysok\\u0105 jako\\u015b\\u0107 \\u0142y\\u017cek i osprz\\u0119tu budowlanego.\",\"potentialAction\":[{\"@type\":\"SearchAction\",\"target\":{\"@type\":\"EntryPoint\",\"urlTemplate\":\"https:\/\/dekpol.pl\/stal\/?s={search_term_string}\"},\"query-input\":\"required name=search_term_string\"}],\"inLanguage\":\"fr-FR\"},{\"@type\":\"WebPage\",\"@id\":\"https:\/\/dekpol.pl\/stal\/fr\/decouvrez-nous\/#webpage\",\"url\":\"https:\/\/dekpol.pl\/stal\/fr\/decouvrez-nous\/\",\"name\":\"D\\u00e9couvrez nous - Dekpol Steel\",\"isPartOf\":{\"@id\":\"https:\/\/dekpol.pl\/stal\/#website\"},\"datePublished\":\"2019-02-08T09:37:10+00:00\",\"dateModified\":\"2020-03-23T10:26:47+00:00\",\"description\":\"Jeste\\u015bmy pr\\u0119\\u017cnie rozwijaj\\u0105cym si\\u0119 sektorem GRUPY DEKPOL S.A., kt\\u00f3ry zajmuje si\\u0119 produkcj\\u0105 osprz\\u0119t\\u00f3w przeznaczonych do maszyn budowlanych.\",\"breadcrumb\":{\"@id\":\"https:\/\/dekpol.pl\/stal\/fr\/decouvrez-nous\/#breadcrumb\"},\"inLanguage\":\"fr-FR\",\"potentialAction\":[{\"@type\":\"ReadAction\",\"target\":[\"https:\/\/dekpol.pl\/stal\/fr\/decouvrez-nous\/\"]}]},{\"@type\":\"BreadcrumbList\",\"@id\":\"https:\/\/dekpol.pl\/stal\/fr\/decouvrez-nous\/#breadcrumb\",\"itemListElement\":[{\"@type\":\"ListItem\",\"position\":1,\"name\":\"Strona g\\u0142\\u00f3wna\",\"item\":\"https:\/\/dekpol.pl\/stal\/fr\/\"},{\"@type\":\"ListItem\",\"position\":2,\"name\":\"D\\u00e9couvrez nous\"}]}]}<\/script>\n<!-- \/ Yoast SEO plugin. -->","yoast_head_json":{"title":"D\u00e9couvrez nous - Dekpol Steel","description":"Jeste\u015bmy pr\u0119\u017cnie rozwijaj\u0105cym si\u0119 sektorem GRUPY DEKPOL S.A., kt\u00f3ry zajmuje si\u0119 produkcj\u0105 osprz\u0119t\u00f3w przeznaczonych do maszyn budowlanych.","robots":{"index":"index","follow":"follow","max-snippet":"max-snippet:-1","max-image-preview":"max-image-preview:large","max-video-preview":"max-video-preview:-1"},"canonical":"https:\/\/dekpol.pl\/stal\/fr\/decouvrez-nous\/","og_locale":"fr_FR","og_type":"article","og_title":"D\u00e9couvrez nous - Dekpol Steel","og_description":"Jeste\u015bmy pr\u0119\u017cnie rozwijaj\u0105cym si\u0119 sektorem GRUPY DEKPOL S.A., kt\u00f3ry zajmuje si\u0119 produkcj\u0105 osprz\u0119t\u00f3w przeznaczonych do maszyn budowlanych.","og_url":"https:\/\/dekpol.pl\/stal\/fr\/decouvrez-nous\/","og_site_name":"Dekpol Steel","article_modified_time":"2020-03-23T10:26:47+00:00","twitter_card":"summary_large_image","schema":{"@context":"https:\/\/schema.org","@graph":[{"@type":"WebSite","@id":"https:\/\/dekpol.pl\/stal\/#website","url":"https:\/\/dekpol.pl\/stal\/","name":"Dekpol Steel","description":"Nasza wysoko wykwalifikowana kadra, nowoczesna infrastruktura oraz wieloletnie do\u015bwiadczenie gwarantuje wysok\u0105 jako\u015b\u0107 \u0142y\u017cek i osprz\u0119tu budowlanego.","potentialAction":[{"@type":"SearchAction","target":{"@type":"EntryPoint","urlTemplate":"https:\/\/dekpol.pl\/stal\/?s={search_term_string}"},"query-input":"required name=search_term_string"}],"inLanguage":"fr-FR"},{"@type":"WebPage","@id":"https:\/\/dekpol.pl\/stal\/fr\/decouvrez-nous\/#webpage","url":"https:\/\/dekpol.pl\/stal\/fr\/decouvrez-nous\/","name":"D\u00e9couvrez nous - Dekpol Steel","isPartOf":{"@id":"https:\/\/dekpol.pl\/stal\/#website"},"datePublished":"2019-02-08T09:37:10+00:00","dateModified":"2020-03-23T10:26:47+00:00","description":"Jeste\u015bmy pr\u0119\u017cnie rozwijaj\u0105cym si\u0119 sektorem GRUPY DEKPOL S.A., kt\u00f3ry zajmuje si\u0119 produkcj\u0105 osprz\u0119t\u00f3w przeznaczonych do maszyn budowlanych.","breadcrumb":{"@id":"https:\/\/dekpol.pl\/stal\/fr\/decouvrez-nous\/#breadcrumb"},"inLanguage":"fr-FR","potentialAction":[{"@type":"ReadAction","target":["https:\/\/dekpol.pl\/stal\/fr\/decouvrez-nous\/"]}]},{"@type":"BreadcrumbList","@id":"https:\/\/dekpol.pl\/stal\/fr\/decouvrez-nous\/#breadcrumb","itemListElement":[{"@type":"ListItem","position":1,"name":"Strona g\u0142\u00f3wna","item":"https:\/\/dekpol.pl\/stal\/fr\/"},{"@type":"ListItem","position":2,"name":"D\u00e9couvrez nous"}]}]}},"_links":{"self":[{"href":"https:\/\/dekpol.pl\/stal\/fr\/wp-json\/wp\/v2\/pages\/3034"}],"collection":[{"href":"https:\/\/dekpol.pl\/stal\/fr\/wp-json\/wp\/v2\/pages"}],"about":[{"href":"https:\/\/dekpol.pl\/stal\/fr\/wp-json\/wp\/v2\/types\/page"}],"author":[{"embeddable":true,"href":"https:\/\/dekpol.pl\/stal\/fr\/wp-json\/wp\/v2\/users\/14"}],"replies":[{"embeddable":true,"href":"https:\/\/dekpol.pl\/stal\/fr\/wp-json\/wp\/v2\/comments?post=3034"}],"version-history":[{"count":8,"href":"https:\/\/dekpol.pl\/stal\/fr\/wp-json\/wp\/v2\/pages\/3034\/revisions"}],"predecessor-version":[{"id":3953,"href":"https:\/\/dekpol.pl\/stal\/fr\/wp-json\/wp\/v2\/pages\/3034\/revisions\/3953"}],"wp:attachment":[{"href":"https:\/\/dekpol.pl\/stal\/fr\/wp-json\/wp\/v2\/media?parent=3034"}],"curies":[{"name":"wp","href":"https:\/\/api.w.org\/{rel}","templated":true}]}}