{"id":7500,"date":"2022-03-10T09:44:06","date_gmt":"2022-03-10T08:44:06","guid":{"rendered":"https:\/\/dekpol.pl\/stal\/?page_id=7500"},"modified":"2022-03-10T09:44:06","modified_gmt":"2022-03-10T08:44:06","slug":"dokumente-zum-download","status":"publish","type":"page","link":"https:\/\/dekpol.pl\/stal\/de\/dokumente-zum-download\/","title":{"rendered":"Dokumente zum Download"},"content":{"rendered":"","protected":false},"excerpt":{"rendered":"","protected":false},"author":13,"featured_media":0,"parent":0,"menu_order":0,"comment_status":"closed","ping_status":"closed","template":"","meta":[],"yoast_head":"<!-- This site is optimized with the Yoast SEO plugin v17.8 - https:\/\/yoast.com\/wordpress\/plugins\/seo\/ -->\n<title>Dokumente zum Download - Dekpol Steel<\/title>\n<meta name=\"robots\" content=\"noindex, nofollow\" \/>\n<meta property=\"og:locale\" content=\"de_DE\" \/>\n<meta property=\"og:type\" content=\"article\" \/>\n<meta property=\"og:title\" content=\"Dokumente zum Download - Dekpol Steel\" \/>\n<meta property=\"og:url\" content=\"https:\/\/dekpol.pl\/stal\/de\/dokumente-zum-download\/\" \/>\n<meta property=\"og:site_name\" content=\"Dekpol Steel\" \/>\n<meta name=\"twitter:card\" content=\"summary_large_image\" \/>\n<script type=\"application\/ld+json\" class=\"yoast-schema-graph\">{\"@context\":\"https:\/\/schema.org\",\"@graph\":[{\"@type\":\"WebSite\",\"@id\":\"https:\/\/dekpol.pl\/stal\/#website\",\"url\":\"https:\/\/dekpol.pl\/stal\/\",\"name\":\"Dekpol Steel\",\"description\":\"Nasza wysoko wykwalifikowana kadra, nowoczesna infrastruktura oraz wieloletnie do\\u015bwiadczenie gwarantuje wysok\\u0105 jako\\u015b\\u0107 \\u0142y\\u017cek i osprz\\u0119tu budowlanego.\",\"potentialAction\":[{\"@type\":\"SearchAction\",\"target\":{\"@type\":\"EntryPoint\",\"urlTemplate\":\"https:\/\/dekpol.pl\/stal\/?s={search_term_string}\"},\"query-input\":\"required name=search_term_string\"}],\"inLanguage\":\"de\"},{\"@type\":\"WebPage\",\"@id\":\"https:\/\/dekpol.pl\/stal\/de\/dokumente-zum-download\/#webpage\",\"url\":\"https:\/\/dekpol.pl\/stal\/de\/dokumente-zum-download\/\",\"name\":\"Dokumente zum Download - Dekpol Steel\",\"isPartOf\":{\"@id\":\"https:\/\/dekpol.pl\/stal\/#website\"},\"datePublished\":\"2022-03-10T08:44:06+00:00\",\"dateModified\":\"2022-03-10T08:44:06+00:00\",\"breadcrumb\":{\"@id\":\"https:\/\/dekpol.pl\/stal\/de\/dokumente-zum-download\/#breadcrumb\"},\"inLanguage\":\"de\",\"potentialAction\":[{\"@type\":\"ReadAction\",\"target\":[\"https:\/\/dekpol.pl\/stal\/de\/dokumente-zum-download\/\"]}]},{\"@type\":\"BreadcrumbList\",\"@id\":\"https:\/\/dekpol.pl\/stal\/de\/dokumente-zum-download\/#breadcrumb\",\"itemListElement\":[{\"@type\":\"ListItem\",\"position\":1,\"name\":\"Strona g\\u0142\\u00f3wna\",\"item\":\"https:\/\/dekpol.pl\/stal\/de\/\"},{\"@type\":\"ListItem\",\"position\":2,\"name\":\"Dokumente zum Download\"}]}]}<\/script>\n<!-- \/ Yoast SEO plugin. -->","yoast_head_json":{"title":"Dokumente zum Download - Dekpol Steel","robots":{"index":"noindex","follow":"nofollow"},"og_locale":"de_DE","og_type":"article","og_title":"Dokumente zum Download - Dekpol Steel","og_url":"https:\/\/dekpol.pl\/stal\/de\/dokumente-zum-download\/","og_site_name":"Dekpol Steel","twitter_card":"summary_large_image","schema":{"@context":"https:\/\/schema.org","@graph":[{"@type":"WebSite","@id":"https:\/\/dekpol.pl\/stal\/#website","url":"https:\/\/dekpol.pl\/stal\/","name":"Dekpol Steel","description":"Nasza wysoko wykwalifikowana kadra, nowoczesna infrastruktura oraz wieloletnie do\u015bwiadczenie gwarantuje wysok\u0105 jako\u015b\u0107 \u0142y\u017cek i osprz\u0119tu budowlanego.","potentialAction":[{"@type":"SearchAction","target":{"@type":"EntryPoint","urlTemplate":"https:\/\/dekpol.pl\/stal\/?s={search_term_string}"},"query-input":"required name=search_term_string"}],"inLanguage":"de"},{"@type":"WebPage","@id":"https:\/\/dekpol.pl\/stal\/de\/dokumente-zum-download\/#webpage","url":"https:\/\/dekpol.pl\/stal\/de\/dokumente-zum-download\/","name":"Dokumente zum Download - Dekpol Steel","isPartOf":{"@id":"https:\/\/dekpol.pl\/stal\/#website"},"datePublished":"2022-03-10T08:44:06+00:00","dateModified":"2022-03-10T08:44:06+00:00","breadcrumb":{"@id":"https:\/\/dekpol.pl\/stal\/de\/dokumente-zum-download\/#breadcrumb"},"inLanguage":"de","potentialAction":[{"@type":"ReadAction","target":["https:\/\/dekpol.pl\/stal\/de\/dokumente-zum-download\/"]}]},{"@type":"BreadcrumbList","@id":"https:\/\/dekpol.pl\/stal\/de\/dokumente-zum-download\/#breadcrumb","itemListElement":[{"@type":"ListItem","position":1,"name":"Strona g\u0142\u00f3wna","item":"https:\/\/dekpol.pl\/stal\/de\/"},{"@type":"ListItem","position":2,"name":"Dokumente zum Download"}]}]}},"_links":{"self":[{"href":"https:\/\/dekpol.pl\/stal\/de\/wp-json\/wp\/v2\/pages\/7500"}],"collection":[{"href":"https:\/\/dekpol.pl\/stal\/de\/wp-json\/wp\/v2\/pages"}],"about":[{"href":"https:\/\/dekpol.pl\/stal\/de\/wp-json\/wp\/v2\/types\/page"}],"author":[{"embeddable":true,"href":"https:\/\/dekpol.pl\/stal\/de\/wp-json\/wp\/v2\/users\/13"}],"replies":[{"embeddable":true,"href":"https:\/\/dekpol.pl\/stal\/de\/wp-json\/wp\/v2\/comments?post=7500"}],"version-history":[{"count":1,"href":"https:\/\/dekpol.pl\/stal\/de\/wp-json\/wp\/v2\/pages\/7500\/revisions"}],"predecessor-version":[{"id":7506,"href":"https:\/\/dekpol.pl\/stal\/de\/wp-json\/wp\/v2\/pages\/7500\/revisions\/7506"}],"wp:attachment":[{"href":"https:\/\/dekpol.pl\/stal\/de\/wp-json\/wp\/v2\/media?parent=7500"}],"curies":[{"name":"wp","href":"https:\/\/api.w.org\/{rel}","templated":true}]}}